{"id":18,"date":"2019-06-28T05:20:04","date_gmt":"2019-06-28T05:20:04","guid":{"rendered":"https:\/\/gpsites.co\/grill\/?page_id=18"},"modified":"2024-05-02T03:05:58","modified_gmt":"2024-05-02T03:05:58","slug":"los-mejores-nachos-y-tortillas","status":"publish","type":"page","link":"https:\/\/machote.com.ar\/","title":{"rendered":"los mejores nachos y tortillas"},"content":{"rendered":"\n<div style=\"height:25px\" aria-hidden=\"true\" class=\"wp-block-spacer\"><\/div>\n\n\n<div class=\"gb-container gb-container-a3952166\">\n\n<a class=\"gb-button gb-button-7821486b\" href=\"https:\/\/api.whatsapp.com\/send?phone=5493513277640\"><span class=\"gb-button-text\">LISTA DE PRECIOS PARA COMPRA POR MAYOR<\/span><span class=\"gb-icon\"><svg aria-hidden=\"true\" height=\"1em\" width=\"1em\" viewBox=\"0 0 512 512\" xmlns=\"http:\/\/www.w3.org\/2000\/svg\"><path fill=\"currentColor\" d=\"M440 6.5L24 246.4c-34.4 19.9-31.1 70.8 5.7 85.9L144 379.6V464c0 46.4 59.2 65.5 86.6 28.6l43.8-59.1 111.9 46.2c5.9 2.4 12.1 3.6 18.3 3.6 8.2 0 16.3-2.1 23.6-6.2 12.8-7.2 21.6-20 23.9-34.5l59.4-387.2c6.1-40.1-36.9-68.8-71.5-48.9zM192 464v-64.6l36.6 15.1L192 464zm212.6-28.7l-153.8-63.5L391 169.5c10.7-15.5-9.5-33.5-23.7-21.2L155.8 332.6 48 288 464 48l-59.4 387.3z\"><\/path><\/svg><\/span><\/a>\n\n<\/div>\n\n<div class=\"gb-container gb-container-f9e09b68\">\n<div class=\"gb-container gb-container-0b36f03e\">\n<div class=\"gb-grid-wrapper gb-grid-wrapper-d54abc7b\">\n<div class=\"gb-grid-column gb-grid-column-f3b3b1f3\"><div class=\"gb-container gb-container-f3b3b1f3\">\n\n<h4 class=\"gb-headline gb-headline-a5304ccb\"><span class=\"gb-icon\"><svg aria-hidden=\"true\" role=\"img\" height=\"1em\" width=\"1em\" viewBox=\"0 0 256 512\" xmlns=\"http:\/\/www.w3.org\/2000\/svg\"><path fill=\"currentColor\" d=\"M224.3 273l-136 136c-9.4 9.4-24.6 9.4-33.9 0l-22.6-22.6c-9.4-9.4-9.4-24.6 0-33.9l96.4-96.4-96.4-96.4c-9.4-9.4-9.4-24.6 0-33.9L54.3 103c9.4-9.4 24.6-9.4 33.9 0l136 136c9.5 9.4 9.5 24.6.1 34z\"><\/path><\/svg><\/span><span class=\"gb-headline-text\"><strong>El sabor de M\u00e9xico en tu mesa<\/strong><\/span><\/h4>\n\n\n\n<p>En Machote nos apasiona la gastronom\u00eda mexicana y nos esmeramos por ofrecerte nachos y tortillas de la m\u00e1s alta calidad, elaborados con ingredientes frescos y siguiendo recetas tradicionales.<\/p>\n\n<\/div><\/div>\n\n<div class=\"gb-grid-column gb-grid-column-29550624\"><div class=\"gb-container gb-container-29550624\">\n\n<h4 class=\"gb-headline gb-headline-e05cfb7a\"><span class=\"gb-icon\"><svg aria-hidden=\"true\" role=\"img\" height=\"1em\" width=\"1em\" viewBox=\"0 0 256 512\" xmlns=\"http:\/\/www.w3.org\/2000\/svg\"><path fill=\"currentColor\" d=\"M224.3 273l-136 136c-9.4 9.4-24.6 9.4-33.9 0l-22.6-22.6c-9.4-9.4-9.4-24.6 0-33.9l96.4-96.4-96.4-96.4c-9.4-9.4-9.4-24.6 0-33.9L54.3 103c9.4-9.4 24.6-9.4 33.9 0l136 136c9.5 9.4 9.5 24.6.1 34z\"><\/path><\/svg><\/span><span class=\"gb-headline-text\"><strong>Nuestros Nachos<\/strong><\/span><\/h4>\n\n\n\n<p>Nuestros Nachos son elaborados con tortillas de ma\u00edz 100% natural, fritas a la perfecci\u00f3n para lograr una textura crujiente y deliciosa. Los granos de ma\u00edz son tra\u00eddos directos del campo para para mantener la m\u00e1s alta calidad, <\/p>\n\n<\/div><\/div>\n\n<div class=\"gb-grid-column gb-grid-column-133b0af1\"><div class=\"gb-container gb-container-133b0af1\">\n\n<h4 class=\"gb-headline gb-headline-7316a14b\"><span class=\"gb-icon\"><svg aria-hidden=\"true\" role=\"img\" height=\"1em\" width=\"1em\" viewBox=\"0 0 256 512\" xmlns=\"http:\/\/www.w3.org\/2000\/svg\"><path fill=\"currentColor\" d=\"M224.3 273l-136 136c-9.4 9.4-24.6 9.4-33.9 0l-22.6-22.6c-9.4-9.4-9.4-24.6 0-33.9l96.4-96.4-96.4-96.4c-9.4-9.4-9.4-24.6 0-33.9L54.3 103c9.4-9.4 24.6-9.4 33.9 0l136 136c9.5 9.4 9.5 24.6.1 34z\"><\/path><\/svg><\/span><span class=\"gb-headline-text\"><strong>Nuestras Tortillas<\/strong><\/span><\/h4>\n\n\n\n<p>Nuestras Tortillas de trigo para fajitas son el lienzo perfecto para tu creatividad culinaria. Las tortillas de trigo de Machote son esenciales para la experiencia completa de este delicioso platillo. Son suaves, flexibles y lo suficientemente grandes para sostener todos los ingredientes sin romperse.<\/p>\n\n<\/div><\/div>\n\n<div class=\"gb-grid-column gb-grid-column-6761442e\"><div class=\"gb-container gb-container-6761442e\">\n\n<h4 class=\"gb-headline gb-headline-55094992\"><span class=\"gb-icon\"><svg aria-hidden=\"true\" role=\"img\" height=\"1em\" width=\"1em\" viewBox=\"0 0 256 512\" xmlns=\"http:\/\/www.w3.org\/2000\/svg\"><path fill=\"currentColor\" d=\"M224.3 273l-136 136c-9.4 9.4-24.6 9.4-33.9 0l-22.6-22.6c-9.4-9.4-9.4-24.6 0-33.9l96.4-96.4-96.4-96.4c-9.4-9.4-9.4-24.6 0-33.9L54.3 103c9.4-9.4 24.6-9.4 33.9 0l136 136c9.5 9.4 9.5 24.6.1 34z\"><\/path><\/svg><\/span><span class=\"gb-headline-text\"><strong>Wraps extra grandes<\/strong><\/span><\/h4>\n\n\n\n<p>\u00bfBuscas Wraps que te permitan crear delicias gigantescas? En Machote, te ofrecemos tortillas extra grandes perfectas para armar wraps que satisfagan hasta los apetitos m\u00e1s voraces. Fabricados con Harina de trigo de alta calidad para garantiza una textura suave y flexible<\/p>\n\n<\/div><\/div>\n<\/div>\n<\/div>\n<\/div>\n\n<div class=\"gb-container gb-container-e39ca10b\">\n\n<div style=\"height:37px\" aria-hidden=\"true\" class=\"wp-block-spacer\"><\/div>\n\n<\/div>\n\n<div class=\"gb-container gb-container-a5a5d191\">\n<div class=\"gb-container gb-container-44382512\">\n\n<h2 class=\"gb-headline gb-headline-7417df22 gb-headline-text\">En Mayo sum\u00e1 MACHOTE a tu comercio<\/h2>\n\n\n<div class=\"gb-container gb-container-720b08f1\">\n<div class=\"gb-grid-wrapper gb-grid-wrapper-aff98156\">\n<div class=\"gb-grid-column gb-grid-column-ae1d59f1\"><div class=\"gb-container gb-container-ae1d59f1\"><\/div><\/div>\n\n<div class=\"gb-grid-column gb-grid-column-d3a0b5cb\"><div class=\"gb-container gb-container-d3a0b5cb\"><\/div><\/div>\n<\/div>\n\n\n<p class=\"gb-headline gb-headline-5e3e5e0d gb-headline-text\">10% de descuento en tu primera compra + <\/p>\n\n\n\n<p class=\"gb-headline gb-headline-a5b9cf3c gb-headline-text\">10% en productos bonificados en tu segunda compra <\/p>\n\n\n<div class=\"gb-container gb-container-709ff996\">\n\n<a class=\"gb-button gb-button-3602307f gb-button-text rounded-icon\" href=\"https:\/\/api.whatsapp.com\/send?phone=5493513277640\">Pedilos AHORA!<\/a>\n\n<\/div>\n<\/div>\n<\/div>\n<\/div>\n\n<div class=\"gb-container gb-container-2ce10fcf\">\n\n<div style=\"height:37px\" aria-hidden=\"true\" class=\"wp-block-spacer\"><\/div>\n\n<\/div>\n\n<div class=\"gb-container gb-container-6a896cfa\"><div class=\"gb-inside-container\">\n<div class=\"gb-grid-wrapper gb-grid-wrapper-e4b590ad\">\n<div class=\"gb-grid-column gb-grid-column-539ddb83\"><div class=\"gb-container gb-container-539ddb83\"><div class=\"gb-inside-container\">\n<div class=\"wp-block-image\">\n<figure class=\"aligncenter size-thumbnail\"><img loading=\"lazy\" decoding=\"async\" width=\"150\" height=\"150\" src=\"https:\/\/machote.com.ar\/wp-content\/uploads\/2023\/03\/MACHOTE-LOGO-png-02-03-150x150.png\" alt=\"\" class=\"wp-image-406\"\/><\/figure><\/div>\n<\/div><\/div><\/div>\n\n<div class=\"gb-grid-column gb-grid-column-663b5c00\"><div class=\"gb-container gb-container-663b5c00\"><div class=\"gb-inside-container\">\n\n<h3 class=\"gb-headline gb-headline-018131c2 gb-headline-text\">SUMATE A NUESTRO EQUIPO<\/h3>\n\n\n\n<p class=\"has-text-align-center has-base-3-color has-text-color\">Complet\u00e1 el formulario<\/p>\n\n<\/div><\/div><\/div>\n\n<div class=\"gb-grid-column gb-grid-column-b0fc63e8\"><div class=\"gb-container gb-container-b0fc63e8\"><div class=\"gb-inside-container\">\n<div class=\"gb-button-wrapper gb-button-wrapper-27182954\">\n\n<a class=\"gb-button gb-button-180151ee rounded-icon\" href=\"https:\/\/forms.gle\/vo4ZRF8EKKxhf2VW6\" target=\"_blank\" rel=\"noopener noreferrer\"><span class=\"gb-icon\"><svg aria-hidden=\"true\" role=\"img\" height=\"1em\" width=\"1em\" viewBox=\"0 0 512 512\" xmlns=\"http:\/\/www.w3.org\/2000\/svg\"><path fill=\"currentColor\" d=\"M440 6.5L24 246.4c-34.4 19.9-31.1 70.8 5.7 85.9L144 379.6V464c0 46.4 59.2 65.5 86.6 28.6l43.8-59.1 111.9 46.2c5.9 2.4 12.1 3.6 18.3 3.6 8.2 0 16.3-2.1 23.6-6.2 12.8-7.2 21.6-20 23.9-34.5l59.4-387.2c6.1-40.1-36.9-68.8-71.5-48.9zM192 464v-64.6l36.6 15.1L192 464zm212.6-28.7l-153.8-63.5L391 169.5c10.7-15.5-9.5-33.5-23.7-21.2L155.8 332.6 48 288 464 48l-59.4 387.3z\"><\/path><\/svg><\/span><span class=\"gb-button-text\">formulario<\/span><\/a>\n\n<\/div>\n<\/div><\/div><\/div>\n<\/div>\n<\/div><\/div>\n\n<div class=\"gb-container gb-container-cd418881\"><div class=\"gb-inside-container\">\n<div class=\"gb-grid-wrapper gb-grid-wrapper-99f33366\">\n<div class=\"gb-grid-column gb-grid-column-ffe6fd60\"><div class=\"gb-container gb-container-ffe6fd60\"><div class=\"gb-inside-container\">\n\n<h2 class=\"gb-headline gb-headline-b0071fad gb-headline-text\">NUESTRA PLANTA<\/h2>\n\n\n\n<p class=\"gb-headline gb-headline-c58757ae gb-headline-text\">Humberto 1\u00ba 2783, X5000 C\u00f3rdoba.<\/p>\n\n\n\n<p class=\"gb-headline gb-headline-82ada53a gb-headline-text\">email: info@machote.com.ar<\/p>\n\n\n\n<p class=\"gb-headline gb-headline-4b853085 gb-headline-text\"><strong>Atenci\u00f3n Mayorista<\/strong><br>Lunes a viernes: <strong>9:00am &#8211; 16:00pm<\/strong><br>Whatsapp: <strong>3513 27-7640<\/strong><\/p>\n\n\n\n<a class=\"gb-button gb-button-a3fd9298\" href=\"https:\/\/api.whatsapp.com\/send?phone=5493513277640\" target=\"_blank\" rel=\"noopener noreferrer\"><span class=\"gb-icon\"><svg aria-hidden=\"true\" role=\"img\" height=\"1em\" width=\"1em\" viewBox=\"0 0 448 512\" xmlns=\"http:\/\/www.w3.org\/2000\/svg\"><path fill=\"currentColor\" d=\"M380.9 97.1C339 55.1 283.2 32 223.9 32c-122.4 0-222 99.6-222 222 0 39.1 10.2 77.3 29.6 111L0 480l117.7-30.9c32.4 17.7 68.9 27 106.1 27h.1c122.3 0 224.1-99.6 224.1-222 0-59.3-25.2-115-67.1-157zm-157 341.6c-33.2 0-65.7-8.9-94-25.7l-6.7-4-69.8 18.3L72 359.2l-4.4-7c-18.5-29.4-28.2-63.3-28.2-98.2 0-101.7 82.8-184.5 184.6-184.5 49.3 0 95.6 19.2 130.4 54.1 34.8 34.9 56.2 81.2 56.1 130.5 0 101.8-84.9 184.6-186.6 184.6zm101.2-138.2c-5.5-2.8-32.8-16.2-37.9-18-5.1-1.9-8.8-2.8-12.5 2.8-3.7 5.6-14.3 18-17.6 21.8-3.2 3.7-6.5 4.2-12 1.4-32.6-16.3-54-29.1-75.5-66-5.7-9.8 5.7-9.1 16.3-30.3 1.8-3.7.9-6.9-.5-9.7-1.4-2.8-12.5-30.1-17.1-41.2-4.5-10.8-9.1-9.3-12.5-9.5-3.2-.2-6.9-.2-10.6-.2-3.7 0-9.7 1.4-14.8 6.9-5.1 5.6-19.4 19-19.4 46.3 0 27.3 19.9 53.7 22.6 57.4 2.8 3.7 39.1 59.7 94.8 83.8 35.2 15.2 49 16.5 66.6 13.9 10.7-1.6 32.8-13.4 37.4-26.4 4.6-13 4.6-24.1 3.2-26.4-1.3-2.5-5-3.9-10.5-6.6z\"><\/path><\/svg><\/span><span class=\"gb-button-text\">Realiz\u00e1 tu pedido<\/span><\/a>\n\n<\/div><\/div><\/div>\n\n<div class=\"gb-grid-column gb-grid-column-8f7c6ce2\"><div class=\"gb-container gb-container-8f7c6ce2\"><div class=\"gb-inside-container\">\n\n<iframe src=\"https:\/\/www.google.com\/maps\/embed?pb=!1m14!1m8!1m3!1d1284.8644932553284!2d-64.21629192023404!3d-31.400388215856744!3m2!1i1024!2i768!4f13.1!3m3!1m2!1s0x943299f176805a97%3A0x77677f89dd1c6ef7!2sMACHOTE%20NACHOS%20Y%20TORTILLAS!5e0!3m2!1ses!2sar!4v1679523732619!5m2!1ses!2sar\" width=\"600\" height=\"450\" style=\"border:0;\" allowfullscreen=\"\" loading=\"lazy\" referrerpolicy=\"no-referrer-when-downgrade\"><\/iframe>\n\n<\/div><\/div><\/div>\n<\/div>\n<\/div><\/div>\n\n<div class=\"gb-container gb-container-8198298a\"><div class=\"gb-inside-container\">\n\n<h2 class=\"gb-headline gb-headline-5f1b4fe6 gb-headline-text\">TORTILLAS INCRE\u00cdBLES<\/h2>\n\n\n\n<div class=\"gb-headline gb-headline-27c8f194 gb-headline-text\"><\/div>\n\n<\/div><\/div>\n\n\n<p><\/p>\n\n\n<div class=\"gb-container gb-container-5d91df12\"><\/div>","protected":false},"excerpt":{"rendered":"<p>En Mayo sum\u00e1 MACHOTE a tu comercio 10% de descuento en tu primera compra + 10% en productos bonificados en tu segunda compra TORTILLAS INCRE\u00cdBLES<\/p>\n","protected":false},"author":1,"featured_media":426,"parent":0,"menu_order":0,"comment_status":"closed","ping_status":"closed","template":"","meta":{"footnotes":""},"class_list":["post-18","page","type-page","status-publish","has-post-thumbnail"],"yoast_head":"<!-- This site is optimized with the Yoast SEO Premium plugin v22.5 (Yoast SEO v25.1) - https:\/\/yoast.com\/wordpress\/plugins\/seo\/ -->\n<title>los mejores nachos y tortillas - Machote<\/title>\n<meta name=\"description\" content=\"Machote, el sabor que te conquista. Descubr\u00ed los Wraps m\u00e1s grandes del mercado y los mejores nachos y tortillas en todas sus variedades.\" \/>\n<meta name=\"robots\" content=\"index, follow, max-snippet:-1, max-image-preview:large, max-video-preview:-1\" \/>\n<link rel=\"canonical\" href=\"https:\/\/machote.com.ar\/\" \/>\n<meta property=\"og:locale\" content=\"es_ES\" \/>\n<meta property=\"og:type\" content=\"article\" \/>\n<meta property=\"og:title\" content=\"los mejores nachos y tortillas\" \/>\n<meta property=\"og:description\" content=\"Machote, el sabor que te conquista. Descubr\u00ed los Wraps m\u00e1s grandes del mercado y los mejores nachos y tortillas en todas sus variedades.\" \/>\n<meta property=\"og:url\" content=\"https:\/\/machote.com.ar\/\" \/>\n<meta property=\"og:site_name\" content=\"Machote\" \/>\n<meta property=\"article:modified_time\" content=\"2024-05-02T03:05:58+00:00\" \/>\n<meta property=\"og:image\" content=\"https:\/\/machote.com.ar\/wp-content\/uploads\/2024\/05\/unnamed.jpg\" \/>\n\t<meta property=\"og:image:width\" content=\"512\" \/>\n\t<meta property=\"og:image:height\" content=\"376\" \/>\n\t<meta property=\"og:image:type\" content=\"image\/jpeg\" \/>\n<meta name=\"twitter:card\" content=\"summary_large_image\" \/>\n<meta name=\"twitter:label1\" content=\"Tiempo de lectura\" \/>\n\t<meta name=\"twitter:data1\" content=\"2 minutos\" \/>\n<script type=\"application\/ld+json\" class=\"yoast-schema-graph\">{\"@context\":\"https:\/\/schema.org\",\"@graph\":[{\"@type\":\"WebPage\",\"@id\":\"https:\/\/machote.com.ar\/\",\"url\":\"https:\/\/machote.com.ar\/\",\"name\":\"los mejores nachos y tortillas - Machote\",\"isPartOf\":{\"@id\":\"https:\/\/machote.com.ar\/#website\"},\"primaryImageOfPage\":{\"@id\":\"https:\/\/machote.com.ar\/#primaryimage\"},\"image\":{\"@id\":\"https:\/\/machote.com.ar\/#primaryimage\"},\"thumbnailUrl\":\"https:\/\/machote.com.ar\/wp-content\/uploads\/2024\/05\/unnamed.jpg\",\"datePublished\":\"2019-06-28T05:20:04+00:00\",\"dateModified\":\"2024-05-02T03:05:58+00:00\",\"description\":\"Machote, el sabor que te conquista. Descubr\u00ed los Wraps m\u00e1s grandes del mercado y los mejores nachos y tortillas en todas sus variedades.\",\"breadcrumb\":{\"@id\":\"https:\/\/machote.com.ar\/#breadcrumb\"},\"inLanguage\":\"es\",\"potentialAction\":[{\"@type\":\"ReadAction\",\"target\":[\"https:\/\/machote.com.ar\/\"]}]},{\"@type\":\"ImageObject\",\"inLanguage\":\"es\",\"@id\":\"https:\/\/machote.com.ar\/#primaryimage\",\"url\":\"https:\/\/machote.com.ar\/wp-content\/uploads\/2024\/05\/unnamed.jpg\",\"contentUrl\":\"https:\/\/machote.com.ar\/wp-content\/uploads\/2024\/05\/unnamed.jpg\",\"width\":512,\"height\":376,\"caption\":\"nachos machote\"},{\"@type\":\"BreadcrumbList\",\"@id\":\"https:\/\/machote.com.ar\/#breadcrumb\",\"itemListElement\":[{\"@type\":\"ListItem\",\"position\":1,\"name\":\"Portada\",\"item\":\"https:\/\/machote.com.ar\/\"},{\"@type\":\"ListItem\",\"position\":2,\"name\":\"los mejores nachos y tortillas\"}]},{\"@type\":\"WebSite\",\"@id\":\"https:\/\/machote.com.ar\/#website\",\"url\":\"https:\/\/machote.com.ar\/\",\"name\":\"Machote\",\"description\":\"Fabrica de Nachos y Tortillas\",\"publisher\":{\"@id\":\"https:\/\/machote.com.ar\/#organization\"},\"potentialAction\":[{\"@type\":\"SearchAction\",\"target\":{\"@type\":\"EntryPoint\",\"urlTemplate\":\"https:\/\/machote.com.ar\/?s={search_term_string}\"},\"query-input\":{\"@type\":\"PropertyValueSpecification\",\"valueRequired\":true,\"valueName\":\"search_term_string\"}}],\"inLanguage\":\"es\"},{\"@type\":\"Organization\",\"@id\":\"https:\/\/machote.com.ar\/#organization\",\"name\":\"Machote\",\"url\":\"https:\/\/machote.com.ar\/\",\"logo\":{\"@type\":\"ImageObject\",\"inLanguage\":\"es\",\"@id\":\"https:\/\/machote.com.ar\/#\/schema\/logo\/image\/\",\"url\":\"https:\/\/machote.com.ar\/wp-content\/uploads\/2023\/03\/cropped-MACHOTE-LOGO-png-02.png\",\"contentUrl\":\"https:\/\/machote.com.ar\/wp-content\/uploads\/2023\/03\/cropped-MACHOTE-LOGO-png-02.png\",\"width\":524,\"height\":331,\"caption\":\"Machote\"},\"image\":{\"@id\":\"https:\/\/machote.com.ar\/#\/schema\/logo\/image\/\"}}]}<\/script>\n<!-- \/ Yoast SEO Premium plugin. -->","yoast_head_json":{"title":"los mejores nachos y tortillas - Machote","description":"Machote, el sabor que te conquista. Descubr\u00ed los Wraps m\u00e1s grandes del mercado y los mejores nachos y tortillas en todas sus variedades.","robots":{"index":"index","follow":"follow","max-snippet":"max-snippet:-1","max-image-preview":"max-image-preview:large","max-video-preview":"max-video-preview:-1"},"canonical":"https:\/\/machote.com.ar\/","og_locale":"es_ES","og_type":"article","og_title":"los mejores nachos y tortillas","og_description":"Machote, el sabor que te conquista. Descubr\u00ed los Wraps m\u00e1s grandes del mercado y los mejores nachos y tortillas en todas sus variedades.","og_url":"https:\/\/machote.com.ar\/","og_site_name":"Machote","article_modified_time":"2024-05-02T03:05:58+00:00","og_image":[{"width":512,"height":376,"url":"https:\/\/machote.com.ar\/wp-content\/uploads\/2024\/05\/unnamed.jpg","type":"image\/jpeg"}],"twitter_card":"summary_large_image","twitter_misc":{"Tiempo de lectura":"2 minutos"},"schema":{"@context":"https:\/\/schema.org","@graph":[{"@type":"WebPage","@id":"https:\/\/machote.com.ar\/","url":"https:\/\/machote.com.ar\/","name":"los mejores nachos y tortillas - Machote","isPartOf":{"@id":"https:\/\/machote.com.ar\/#website"},"primaryImageOfPage":{"@id":"https:\/\/machote.com.ar\/#primaryimage"},"image":{"@id":"https:\/\/machote.com.ar\/#primaryimage"},"thumbnailUrl":"https:\/\/machote.com.ar\/wp-content\/uploads\/2024\/05\/unnamed.jpg","datePublished":"2019-06-28T05:20:04+00:00","dateModified":"2024-05-02T03:05:58+00:00","description":"Machote, el sabor que te conquista. Descubr\u00ed los Wraps m\u00e1s grandes del mercado y los mejores nachos y tortillas en todas sus variedades.","breadcrumb":{"@id":"https:\/\/machote.com.ar\/#breadcrumb"},"inLanguage":"es","potentialAction":[{"@type":"ReadAction","target":["https:\/\/machote.com.ar\/"]}]},{"@type":"ImageObject","inLanguage":"es","@id":"https:\/\/machote.com.ar\/#primaryimage","url":"https:\/\/machote.com.ar\/wp-content\/uploads\/2024\/05\/unnamed.jpg","contentUrl":"https:\/\/machote.com.ar\/wp-content\/uploads\/2024\/05\/unnamed.jpg","width":512,"height":376,"caption":"nachos machote"},{"@type":"BreadcrumbList","@id":"https:\/\/machote.com.ar\/#breadcrumb","itemListElement":[{"@type":"ListItem","position":1,"name":"Portada","item":"https:\/\/machote.com.ar\/"},{"@type":"ListItem","position":2,"name":"los mejores nachos y tortillas"}]},{"@type":"WebSite","@id":"https:\/\/machote.com.ar\/#website","url":"https:\/\/machote.com.ar\/","name":"Machote","description":"Fabrica de Nachos y Tortillas","publisher":{"@id":"https:\/\/machote.com.ar\/#organization"},"potentialAction":[{"@type":"SearchAction","target":{"@type":"EntryPoint","urlTemplate":"https:\/\/machote.com.ar\/?s={search_term_string}"},"query-input":{"@type":"PropertyValueSpecification","valueRequired":true,"valueName":"search_term_string"}}],"inLanguage":"es"},{"@type":"Organization","@id":"https:\/\/machote.com.ar\/#organization","name":"Machote","url":"https:\/\/machote.com.ar\/","logo":{"@type":"ImageObject","inLanguage":"es","@id":"https:\/\/machote.com.ar\/#\/schema\/logo\/image\/","url":"https:\/\/machote.com.ar\/wp-content\/uploads\/2023\/03\/cropped-MACHOTE-LOGO-png-02.png","contentUrl":"https:\/\/machote.com.ar\/wp-content\/uploads\/2023\/03\/cropped-MACHOTE-LOGO-png-02.png","width":524,"height":331,"caption":"Machote"},"image":{"@id":"https:\/\/machote.com.ar\/#\/schema\/logo\/image\/"}}]}},"_links":{"self":[{"href":"https:\/\/machote.com.ar\/index.php\/wp-json\/wp\/v2\/pages\/18","targetHints":{"allow":["GET"]}}],"collection":[{"href":"https:\/\/machote.com.ar\/index.php\/wp-json\/wp\/v2\/pages"}],"about":[{"href":"https:\/\/machote.com.ar\/index.php\/wp-json\/wp\/v2\/types\/page"}],"author":[{"embeddable":true,"href":"https:\/\/machote.com.ar\/index.php\/wp-json\/wp\/v2\/users\/1"}],"replies":[{"embeddable":true,"href":"https:\/\/machote.com.ar\/index.php\/wp-json\/wp\/v2\/comments?post=18"}],"version-history":[{"count":44,"href":"https:\/\/machote.com.ar\/index.php\/wp-json\/wp\/v2\/pages\/18\/revisions"}],"predecessor-version":[{"id":466,"href":"https:\/\/machote.com.ar\/index.php\/wp-json\/wp\/v2\/pages\/18\/revisions\/466"}],"wp:featuredmedia":[{"embeddable":true,"href":"https:\/\/machote.com.ar\/index.php\/wp-json\/wp\/v2\/media\/426"}],"wp:attachment":[{"href":"https:\/\/machote.com.ar\/index.php\/wp-json\/wp\/v2\/media?parent=18"}],"curies":[{"name":"wp","href":"https:\/\/api.w.org\/{rel}","templated":true}]}}